{"id":5,"date":"2024-10-18T03:19:14","date_gmt":"2024-10-18T03:19:14","guid":{"rendered":"https:\/\/www.738me.com\/about\/"},"modified":"2024-12-27T03:10:11","modified_gmt":"2024-12-27T03:10:11","slug":"about","status":"publish","type":"page","link":"https:\/\/www2.2012i.com\/fr\/about\/","title":{"rendered":"\u00c0 propos de nous"},"content":{"rendered":"<div data-elementor-type=\"wp-post\" data-elementor-id=\"5\" class=\"elementor elementor-5\" data-elementor-post-type=\"page\">\n\t\t\t\t<div class=\"elementor-element elementor-element-5f02ddf e-flex e-con-boxed e-con e-parent\" data-id=\"5f02ddf\" data-element_type=\"container\" data-e-type=\"container\" data-settings=\"{&quot;background_background&quot;:&quot;classic&quot;}\">\n\t\t\t\t\t<div class=\"e-con-inner\">\n\t\t<div class=\"elementor-element elementor-element-0502d81 e-con-full e-flex e-con e-child\" data-id=\"0502d81\" data-element_type=\"container\" data-e-type=\"container\">\n\t\t\t\t<div class=\"elementor-element elementor-element-03d202b elementor-widget elementor-widget-heading\" data-id=\"03d202b\" data-element_type=\"widget\" data-e-type=\"widget\" data-widget_type=\"heading.default\">\n\t\t\t\t\t<h1 class=\"elementor-heading-title elementor-size-default\">Un expert de la production de pulls<\/h1>\t\t\t\t<\/div>\n\t\t\t\t<\/div>\n\t\t\t\t\t<\/div>\n\t\t\t\t<\/div>\n\t\t<div class=\"elementor-element elementor-element-ce23579 e-flex e-con-boxed e-con e-parent\" data-id=\"ce23579\" data-element_type=\"container\" data-e-type=\"container\">\n\t\t\t\t\t<div class=\"e-con-inner\">\n\t\t<div class=\"elementor-element elementor-element-89a7aec e-con-full e-flex e-con e-child\" data-id=\"89a7aec\" data-element_type=\"container\" data-e-type=\"container\">\n\t\t\t\t<div class=\"elementor-element elementor-element-a01f0dc elementor-widget elementor-widget-heading\" data-id=\"a01f0dc\" data-element_type=\"widget\" data-e-type=\"widget\" data-widget_type=\"heading.default\">\n\t\t\t\t\t<h3 class=\"elementor-heading-title elementor-size-default\">Notre usine de production de pulls<\/h3>\t\t\t\t<\/div>\n\t\t\t\t<div class=\"elementor-element elementor-element-c43b3dd elementor-widget-divider--view-line elementor-widget elementor-widget-divider\" data-id=\"c43b3dd\" data-element_type=\"widget\" data-e-type=\"widget\" data-widget_type=\"divider.default\">\n\t\t\t\t\t\t\t<div class=\"elementor-divider\">\n\t\t\t<span class=\"elementor-divider-separator\">\n\t\t\t\t\t\t<\/span>\n\t\t<\/div>\n\t\t\t\t\t\t<\/div>\n\t\t\t\t<div class=\"elementor-element elementor-element-e871351 elementor-widget elementor-widget-text-editor\" data-id=\"e871351\" data-element_type=\"widget\" data-e-type=\"widget\" data-widget_type=\"text-editor.default\">\n\t\t\t\t\t\t\t\t\t<p>Depuis sa cr\u00e9ation en 2003, la soci\u00e9t\u00e9 Yingjia Clothing s'est distingu\u00e9e dans le domaine de la fabrication de pulls gr\u00e2ce \u00e0 sa force professionnelle et est devenue une usine de production de pulls professionnelle remarquable dans l'industrie.<\/p><p>Yingjia Clothing est r\u00e9put\u00e9e pour son fort capacit\u00e9 \u00e0 d\u00e9velopper des \u00e9chantillons de pulls. L'\u00e9quipe de design de l'entreprise est compos\u00e9e de nombreux professionnels talentueux et exp\u00e9riment\u00e9s. Ils suivent constamment les derni\u00e8res tendances de la mode et per\u00e7oivent avec pr\u00e9cision les changements des tendances du march\u00e9, incorporant habilement divers \u00e9l\u00e9ments de mode dans les designs de pulls. Que ce soit des styles de base simples et \u00e9l\u00e9gants ou des styles personnalis\u00e9s haut de gamme exquis et luxueux, Yingjia Clothing peut d\u00e9velopper rapidement et avec pr\u00e9cision des \u00e9chantillons de pulls qui r\u00e9pondent aux besoins et aux attentes esth\u00e9tiques des clients, fournissant une riche source de cr\u00e9ativit\u00e9 et un soutien solide en mati\u00e8re de design pour la planification des produits des clients, aidant grandement les clients \u00e0 saisir les opportunit\u00e9s sur le march\u00e9 des pulls.<\/p><p>En mati\u00e8re de contr\u00f4le de la qualit\u00e9 des pulls, Yingjia Clothing a toujours respect\u00e9 des normes strictes. Du choix et de l'achat soigneux des mati\u00e8res premi\u00e8res de haute qualit\u00e9, \u00e0 l'ex\u00e9cution m\u00e9ticuleuse de chaque processus de tricotage, puis aux \u00e9tapes ult\u00e9rieures de repassage et d'emballage, l'entreprise a \u00e9tabli un syst\u00e8me de surveillance de la qualit\u00e9 complet et \u00e0 plusieurs niveaux. Chaque pull doit passer par plusieurs points de contr\u00f4le rigoureux de l'inspection de la qualit\u00e9 pour s'assurer qu'il atteint une excellente qualit\u00e9 en termes de texture du tissu, de l'ajustement du patron, de la solidit\u00e9 des couleurs et de la finition des d\u00e9tails, offrant des produits de pull confortables, beaux et durables aux consommateurs et remportant une haute reconnaissance du march\u00e9 et la confiance des consommateurs.<\/p><p>La livraison \u00e0 temps est un engagement ferme de Yingjia Clothing envers ses clients. Gr\u00e2ce \u00e0 des arrangements de planification de production scientifiques et raisonnables, un m\u00e9canisme de collaboration interservices efficace et coordonn\u00e9 et un syst\u00e8me de gestion de la cha\u00eene d'approvisionnement solide, l'entreprise s'assure que chaque commande peut \u00eatre men\u00e9e \u00e0 bien et livr\u00e9e selon les \u00e9ch\u00e9ances pr\u00e9vues. Que ce soit une commande de production en masse \u00e0 grande \u00e9chelle ou une commande de production personnalis\u00e9e en petits lots urgente, Yingjia Clothing peut organiser la production de mani\u00e8re ordonn\u00e9e, allouer efficacement les ressources et contr\u00f4ler pr\u00e9cis\u00e9ment la progression, de sorte que les clientes n'aient pas \u00e0 s'inqui\u00e9ter des retards de livraison, garantissant ainsi efficacement la bonne ex\u00e9cution des rythmes d'op\u00e9ration commerciale et des plans de vente sur le march\u00e9 des clientes.<\/p><p>En tant qu'usine de production de pulls ax\u00e9e sur l'OEM &amp; ODM, Yingjia Clothing a r\u00e9ussi \u00e0 attirer la coop\u00e9ration \u00e0 long terme de nombreux clients europ\u00e9ens et am\u00e9ricains gr\u00e2ce \u00e0 ses services professionnels, efficaces et de haute qualit\u00e9. L'entreprise comprend parfaitement les go\u00fbts de mode et les besoins de consommation des march\u00e9s europ\u00e9en et am\u00e9ricain et peut personnaliser des produits de pull uniques qui r\u00e9pondent aux normes des march\u00e9s europ\u00e9en et am\u00e9ricain selon la positionnement de marque et les exigences de design des clients europ\u00e9ens et am\u00e9ricains. Au cours du processus de coop\u00e9ration \u00e0 long terme, Yingjia Clothing a \u00e9tabli une bonne image d'entreprise et une r\u00e9putation de marque parmi les clients europ\u00e9ens et am\u00e9ricains gr\u00e2ce \u00e0 la qualit\u00e9 excellente de ses produits, \u00e0 sa capacit\u00e9 de design innovante et \u00e0 sa garantie de livraison fiable, consolidant ainsi davantage sa position importante sur le march\u00e9 europ\u00e9en et am\u00e9ricain des pulls.<\/p><p>Dans le parcours de d\u00e9veloppement futur, la soci\u00e9t\u00e9 Yingjia Clothing continuera de prendre le \"pull\" comme son activit\u00e9 principale, s'appuyant sur sa propre force de \"usine de production de pulls\" forte, et continuera d'accro\u00eetre ses investissements dans la recherche et d\u00e9veloppement technologique, la formation de talents et la mise \u00e0 niveau des \u00e9quipements pour am\u00e9liorer en permanence la comp\u00e9titivit\u00e9 globale de l'entreprise. En s'en tenant \u00e0 la poursuite constante de la qualit\u00e9, aux efforts incessants en mati\u00e8re d'innovation et \u00e0 une attitude hautement responsable envers ses clients, Yingjia Clothing s'engage \u00e0 fournir aux clients du monde entier des produits et services de pulls de meilleure qualit\u00e9, plus \u00e0 la mode et plus personnalis\u00e9s, continuant d'\u00e9crire un chapitre brillant dans le domaine de la fabrication de pulls, devenant un leader et une entreprise de r\u00e9f\u00e9rence dans l'industrie mondiale des pulls et contribuant de mani\u00e8re positive \u00e0 la prosp\u00e9rit\u00e9 et au d\u00e9veloppement de l'industrie des pulls.<\/p>\t\t\t\t\t\t\t\t<\/div>\n\t\t\t\t<div class=\"elementor-element elementor-element-a4fb0af elementor-widget elementor-widget-video\" data-id=\"a4fb0af\" data-element_type=\"widget\" data-e-type=\"widget\" data-settings=\"{&quot;video_type&quot;:&quot;hosted&quot;,&quot;controls&quot;:&quot;yes&quot;}\" data-widget_type=\"video.default\">\n\t\t\t\t\t\t\t<div class=\"e-hosted-video elementor-wrapper elementor-open-inline\">\n\t\t\t\t\t<video class=\"elementor-video\" src=\"https:\/\/www.738me.com\/wp-content\/uploads\/2024\/10\/abouyingjia.mp4\" controls=\"\" preload=\"metadata\" controlslist=\"nodownload\"><\/video>\n\t\t\t\t<\/div>\n\t\t\t\t\t\t<\/div>\n\t\t\t\t<\/div>\n\t\t\t\t\t<\/div>\n\t\t\t\t<\/div>\n\t\t<div class=\"elementor-element elementor-element-8195a0d e-flex e-con-boxed e-con e-parent\" data-id=\"8195a0d\" data-element_type=\"container\" data-e-type=\"container\">\n\t\t\t\t\t<div class=\"e-con-inner\">\n\t\t<div class=\"elementor-element elementor-element-d47d4cd e-con-full e-flex e-con e-child\" data-id=\"d47d4cd\" data-element_type=\"container\" data-e-type=\"container\">\n\t\t\t\t<div class=\"elementor-element elementor-element-bf795e2 elementor-widget elementor-widget-heading\" data-id=\"bf795e2\" data-element_type=\"widget\" data-e-type=\"widget\" data-widget_type=\"heading.default\">\n\t\t\t\t\t<h3 class=\"elementor-heading-title elementor-size-default\">Mission de l'entreprise<\/h3>\t\t\t\t<\/div>\n\t\t\t\t<div class=\"elementor-element elementor-element-ae16dd8 elementor-widget-divider--view-line elementor-widget elementor-widget-divider\" data-id=\"ae16dd8\" data-element_type=\"widget\" data-e-type=\"widget\" data-widget_type=\"divider.default\">\n\t\t\t\t\t\t\t<div class=\"elementor-divider\">\n\t\t\t<span class=\"elementor-divider-separator\">\n\t\t\t\t\t\t<\/span>\n\t\t<\/div>\n\t\t\t\t\t\t<\/div>\n\t\t\t\t<div class=\"elementor-element elementor-element-0179544 elementor-icon-list--layout-traditional elementor-list-item-link-full_width elementor-widget elementor-widget-icon-list\" data-id=\"0179544\" data-element_type=\"widget\" data-e-type=\"widget\" data-widget_type=\"icon-list.default\">\n\t\t\t\t\t\t\t<ul class=\"elementor-icon-list-items\">\n\t\t\t\t\t\t\t<li class=\"elementor-icon-list-item\">\n\t\t\t\t\t\t\t\t\t\t\t<span class=\"elementor-icon-list-icon\">\n\t\t\t\t\t\t\t<svg aria-hidden=\"true\" class=\"e-font-icon-svg e-fas-minus\" viewbox=\"0 0 448 512\" xmlns=\"http:\/\/www.w3.org\/2000\/svg\"><path d=\"M416 208H32c-17.67 0-32 14.33-32 32v32c0 17.67 14.33 32 32 32h384c17.67 0 32-14.33 32-32v-32c0-17.67-14.33-32-32-32z\"><\/path><\/svg>\t\t\t\t\t\t<\/span>\n\t\t\t\t\t\t\t\t\t\t<span class=\"elementor-icon-list-text\">Avec un savoir-faire exquis et des conceptions innovantes, nous fournissons aux clients du monde entier des v\u00eatements \u00e0 la mode, confortables et de haute qualit\u00e9, en visant \u00e0 devenir un mod\u00e8le exceptionnel dans l'industrie de la mode.<\/span>\n\t\t\t\t\t\t\t\t\t<\/li>\n\t\t\t\t\t\t\t\t<li class=\"elementor-icon-list-item\">\n\t\t\t\t\t\t\t\t\t\t\t<span class=\"elementor-icon-list-icon\">\n\t\t\t\t\t\t\t<svg aria-hidden=\"true\" class=\"e-font-icon-svg e-fas-minus\" viewbox=\"0 0 448 512\" xmlns=\"http:\/\/www.w3.org\/2000\/svg\"><path d=\"M416 208H32c-17.67 0-32 14.33-32 32v32c0 17.67 14.33 32 32 32h384c17.67 0 32-14.33 32-32v-32c0-17.67-14.33-32-32-32z\"><\/path><\/svg>\t\t\t\t\t\t<\/span>\n\t\t\t\t\t\t\t\t\t\t<span class=\"elementor-icon-list-text\">Nous nous engageons \u00e0 cr\u00e9er des solutions vestimentaires personnalis\u00e9es pour r\u00e9pondre aux besoins de diff\u00e9rents clients, et \u00e0 transmettre la mode et la valeur par la qualit\u00e9 et le service.<\/span>\n\t\t\t\t\t\t\t\t\t<\/li>\n\t\t\t\t\t\t\t\t<li class=\"elementor-icon-list-item\">\n\t\t\t\t\t\t\t\t\t\t\t<span class=\"elementor-icon-list-icon\">\n\t\t\t\t\t\t\t<svg aria-hidden=\"true\" class=\"e-font-icon-svg e-fas-minus\" viewbox=\"0 0 448 512\" xmlns=\"http:\/\/www.w3.org\/2000\/svg\"><path d=\"M416 208H32c-17.67 0-32 14.33-32 32v32c0 17.67 14.33 32 32 32h384c17.67 0 32-14.33 32-32v-32c0-17.67-14.33-32-32-32z\"><\/path><\/svg>\t\t\t\t\t\t<\/span>\n\t\t\t\t\t\t\t\t\t\t<span class=\"elementor-icon-list-text\">En innovant et en optimisant en permanence le processus de production, nous fournissons aux clients des produits vestimentaires de haute qualit\u00e9 et efficaces, favorisant le progr\u00e8s et le d\u00e9veloppement de l'industrie de la mode.<\/span>\n\t\t\t\t\t\t\t\t\t<\/li>\n\t\t\t\t\t\t<\/ul>\n\t\t\t\t\t\t<\/div>\n\t\t\t\t<\/div>\n\t\t\t\t\t<\/div>\n\t\t\t\t<\/div>\n\t\t<div class=\"elementor-element elementor-element-b014dcd e-flex e-con-boxed e-con e-parent\" data-id=\"b014dcd\" data-element_type=\"container\" data-e-type=\"container\">\n\t\t\t\t\t<div class=\"e-con-inner\">\n\t\t\t\t<div class=\"elementor-element elementor-element-4b888b8 elementor-widget elementor-widget-heading\" data-id=\"4b888b8\" data-element_type=\"widget\" data-e-type=\"widget\" data-widget_type=\"heading.default\">\n\t\t\t\t\t<h3 class=\"elementor-heading-title elementor-size-default\">CERTIFICAT PERTINENT<\/h3>\t\t\t\t<\/div>\n\t\t\t\t<div class=\"elementor-element elementor-element-30ebc47 elementor-widget-divider--view-line elementor-widget elementor-widget-divider\" data-id=\"30ebc47\" data-element_type=\"widget\" data-e-type=\"widget\" data-widget_type=\"divider.default\">\n\t\t\t\t\t\t\t<div class=\"elementor-divider\">\n\t\t\t<span class=\"elementor-divider-separator\">\n\t\t\t\t\t\t<\/span>\n\t\t<\/div>\n\t\t\t\t\t\t<\/div>\n\t\t\t\t<div class=\"elementor-element elementor-element-c2c5a03 elementor-widget elementor-widget-image\" data-id=\"c2c5a03\" data-element_type=\"widget\" data-e-type=\"widget\" data-widget_type=\"image.default\">\n\t\t\t\t\t\t\t\t\t\t\t\t\t\t\t<img fetchpriority=\"high\" decoding=\"async\" width=\"1735\" height=\"562\" src=\"https:\/\/www.738me.com\/wp-content\/uploads\/2024\/11\/certificate.jpg\" class=\"attachment-full size-full wp-image-6583\" alt=\"Sweater factory Sweater manufacturer Sweater maker\" srcset=\"https:\/\/www.738me.com\/wp-content\/uploads\/2024\/11\/certificate.jpg 1735w, https:\/\/www.738me.com\/wp-content\/uploads\/2024\/11\/certificate-300x97.jpg 300w, https:\/\/www.738me.com\/wp-content\/uploads\/2024\/11\/certificate-1024x332.jpg 1024w, https:\/\/www.738me.com\/wp-content\/uploads\/2024\/11\/certificate-768x249.jpg 768w, https:\/\/www.738me.com\/wp-content\/uploads\/2024\/11\/certificate-1536x498.jpg 1536w, https:\/\/www.738me.com\/wp-content\/uploads\/2024\/11\/certificate-18x6.jpg 18w\" sizes=\"(max-width: 1735px) 100vw, 1735px\" \/>\t\t\t\t\t\t\t\t\t\t\t\t\t\t\t<\/div>\n\t\t\t\t\t<\/div>\n\t\t\t\t<\/div>\n\t\t\t\t<\/div>","protected":false},"excerpt":{"rendered":"<p>An expert in sweater production Our sweater factory Since its establishment in 2003, Yingjia Clothing Company has stood out in the sweater manufacturing field with its professional strength and has become a remarkable professional sweater factory in the industry. Yingjia Clothing is renowned for its strong ability to develop sweater samples. The company&#8217;s design team [&hellip;]<\/p>\n","protected":false},"author":2,"featured_media":0,"parent":0,"menu_order":0,"comment_status":"closed","ping_status":"closed","template":"","meta":{"site-sidebar-layout":"no-sidebar","site-content-layout":"page-builder","ast-site-content-layout":"full-width-container","site-content-style":"unboxed","site-sidebar-style":"unboxed","ast-global-header-display":"","ast-banner-title-visibility":"","ast-main-header-display":"","ast-hfb-above-header-display":"","ast-hfb-below-header-display":"","ast-hfb-mobile-header-display":"","site-post-title":"disabled","ast-breadcrumbs-content":"","ast-featured-img":"disabled","footer-sml-layout":"","ast-disable-related-posts":"","theme-transparent-header-meta":"enabled","adv-header-id-meta":"","stick-header-meta":"","header-above-stick-meta":"","header-main-stick-meta":"","header-below-stick-meta":"","astra-migrate-meta-layouts":"set","ast-page-background-enabled":"default","ast-page-background-meta":{"desktop":{"background-color":"","background-image":"","background-repeat":"repeat","background-position":"center center","background-size":"auto","background-attachment":"scroll","background-type":"","background-media":"","overlay-type":"","overlay-color":"","overlay-opacity":"","overlay-gradient":""},"tablet":{"background-color":"","background-image":"","background-repeat":"repeat","background-position":"center center","background-size":"auto","background-attachment":"scroll","background-type":"","background-media":"","overlay-type":"","overlay-color":"","overlay-opacity":"","overlay-gradient":""},"mobile":{"background-color":"","background-image":"","background-repeat":"repeat","background-position":"center center","background-size":"auto","background-attachment":"scroll","background-type":"","background-media":"","overlay-type":"","overlay-color":"","overlay-opacity":"","overlay-gradient":""}},"ast-content-background-meta":{"desktop":{"background-color":"var(--ast-global-color-5)","background-image":"","background-repeat":"repeat","background-position":"center center","background-size":"auto","background-attachment":"scroll","background-type":"","background-media":"","overlay-type":"","overlay-color":"","overlay-opacity":"","overlay-gradient":""},"tablet":{"background-color":"var(--ast-global-color-5)","background-image":"","background-repeat":"repeat","background-position":"center center","background-size":"auto","background-attachment":"scroll","background-type":"","background-media":"","overlay-type":"","overlay-color":"","overlay-opacity":"","overlay-gradient":""},"mobile":{"background-color":"var(--ast-global-color-5)","background-image":"","background-repeat":"repeat","background-position":"center center","background-size":"auto","background-attachment":"scroll","background-type":"","background-media":"","overlay-type":"","overlay-color":"","overlay-opacity":"","overlay-gradient":""}},"footnotes":""},"class_list":["post-5","page","type-page","status-publish","hentry"],"aioseo_notices":[],"_hostinger_reach_plugin_has_subscription_block":false,"_hostinger_reach_plugin_is_elementor":false,"_links":{"self":[{"href":"https:\/\/www2.2012i.com\/fr\/wp-json\/wp\/v2\/pages\/5","targetHints":{"allow":["GET"]}}],"collection":[{"href":"https:\/\/www2.2012i.com\/fr\/wp-json\/wp\/v2\/pages"}],"about":[{"href":"https:\/\/www2.2012i.com\/fr\/wp-json\/wp\/v2\/types\/page"}],"author":[{"embeddable":true,"href":"https:\/\/www2.2012i.com\/fr\/wp-json\/wp\/v2\/users\/2"}],"replies":[{"embeddable":true,"href":"https:\/\/www2.2012i.com\/fr\/wp-json\/wp\/v2\/comments?post=5"}],"version-history":[{"count":75,"href":"https:\/\/www2.2012i.com\/fr\/wp-json\/wp\/v2\/pages\/5\/revisions"}],"predecessor-version":[{"id":7681,"href":"https:\/\/www2.2012i.com\/fr\/wp-json\/wp\/v2\/pages\/5\/revisions\/7681"}],"wp:attachment":[{"href":"https:\/\/www2.2012i.com\/fr\/wp-json\/wp\/v2\/media?parent=5"}],"curies":[{"name":"wp","href":"https:\/\/api.w.org\/{rel}","templated":true}]}}